{"id":294,"date":"2025-03-22T20:42:38","date_gmt":"2025-03-22T19:42:38","guid":{"rendered":"https:\/\/ewerdin.com\/?page_id=294"},"modified":"2025-04-06T20:27:27","modified_gmt":"2025-04-06T18:27:27","slug":"spa","status":"publish","type":"page","link":"http:\/\/ewerdin.com\/?page_id=294","title":{"rendered":"SPA"},"content":{"rendered":"\t\t<div data-elementor-type=\"wp-page\" data-elementor-id=\"294\" class=\"elementor elementor-294\" data-elementor-post-type=\"page\">\n\t\t\t\t<div class=\"elementor-element elementor-element-4a7c0b5c e-flex e-con-boxed e-con e-parent\" data-id=\"4a7c0b5c\" data-element_type=\"container\" data-e-type=\"container\">\n\t\t\t\t\t<div class=\"e-con-inner\">\n\t\t\t\t<div class=\"elementor-element elementor-element-6f7da49a elementor-widget elementor-widget-text-editor\" data-id=\"6f7da49a\" data-element_type=\"widget\" data-e-type=\"widget\" data-widget_type=\"text-editor.default\">\n\t\t\t\t<div class=\"elementor-widget-container\">\n\t\t\t\t\t\t\t\t\t<hr class=\"wp-block-separator has-alpha-channel-opacity\" \/>\n<div class=\"wp-block-cover is-light\" style=\"min-height: 599px;aspect-ratio:unset;\">\n<div class=\"wp-block-cover__inner-container is-layout-constrained wp-block-cover-is-layout-constrained\">\n<p class=\"has-text-align-center has-large-font-size\"><img fetchpriority=\"high\" decoding=\"async\" class=\"alignnone wp-image-202 size-full\" src=\"http:\/\/ewerdin.com\/wp-content\/uploads\/2025\/03\/Basen1.jpg\" alt=\"\" width=\"2400\" height=\"1601\" \/><\/p>\n<\/div>\n<\/div>\n\n<div class=\"wp-block-group is-layout-grid wp-container-core-group-is-layout-9649a0d9 wp-block-group-is-layout-grid\">\n<div class=\"wp-block-group is-layout-grid wp-container-core-group-is-layout-9649a0d9 wp-block-group-is-layout-grid\"><\/div>\n<\/div>\n\n<div class=\"wp-block-group is-layout-grid wp-container-core-group-is-layout-9649a0d9 wp-block-group-is-layout-grid\">\n<div class=\"wp-block-group wp-container-content-72558541 is-layout-grid wp-container-core-group-is-layout-9649a0d9 wp-block-group-is-layout-grid\">\u00a0<\/div>\n<\/div>\n\n<p>\u00a0<\/p>\n\t\t\t\t\t\t\t\t<\/div>\n\t\t\t\t<\/div>\n\t\t\t\t<div class=\"elementor-element elementor-element-0330c49 elementor-widget-divider--view-line elementor-widget elementor-widget-divider\" data-id=\"0330c49\" data-element_type=\"widget\" data-e-type=\"widget\" data-widget_type=\"divider.default\">\n\t\t\t\t<div class=\"elementor-widget-container\">\n\t\t\t\t\t\t\t<div class=\"elementor-divider\">\n\t\t\t<span class=\"elementor-divider-separator\">\n\t\t\t\t\t\t<\/span>\n\t\t<\/div>\n\t\t\t\t\t\t<\/div>\n\t\t\t\t<\/div>\n\t\t\t\t\t<\/div>\n\t\t\t\t<\/div>\n\t\t<div class=\"elementor-element elementor-element-d0e3be2 e-flex e-con-boxed e-con e-parent\" data-id=\"d0e3be2\" data-element_type=\"container\" data-e-type=\"container\">\n\t\t\t\t\t<div class=\"e-con-inner\">\n\t\t<div class=\"elementor-element elementor-element-bbfe419 e-con-full e-flex e-con e-child\" data-id=\"bbfe419\" data-element_type=\"container\" data-e-type=\"container\">\n\t\t\t\t<div class=\"elementor-element elementor-element-dc81eb2 elementor-widget elementor-widget-heading\" data-id=\"dc81eb2\" data-element_type=\"widget\" data-e-type=\"widget\" data-widget_type=\"heading.default\">\n\t\t\t\t<div class=\"elementor-widget-container\">\n\t\t\t\t\t<h6 class=\"elementor-heading-title elementor-size-default\">STREFA  SPA<\/h6>\t\t\t\t<\/div>\n\t\t\t\t<\/div>\n\t\t\t\t<div class=\"elementor-element elementor-element-a58e805 elementor-widget elementor-widget-heading\" data-id=\"a58e805\" data-element_type=\"widget\" data-e-type=\"widget\" data-widget_type=\"heading.default\">\n\t\t\t\t<div class=\"elementor-widget-container\">\n\t\t\t\t\t<h2 class=\"elementor-heading-title elementor-size-default\">Relaks przez<br>                 ca\u0142y rok<\/h2>\t\t\t\t<\/div>\n\t\t\t\t<\/div>\n\t\t\t\t<\/div>\n\t\t\t\t\t<\/div>\n\t\t\t\t<\/div>\n\t\t<div class=\"elementor-element elementor-element-ecd7e78 e-flex e-con-boxed e-con e-parent\" data-id=\"ecd7e78\" data-element_type=\"container\" data-e-type=\"container\">\n\t\t\t\t\t<div class=\"e-con-inner\">\n\t\t<div class=\"elementor-element elementor-element-f39a8c4 e-grid e-con-full e-con e-child\" data-id=\"f39a8c4\" data-element_type=\"container\" data-e-type=\"container\">\n\t\t\t\t<div class=\"elementor-element elementor-element-c4a560a elementor-widget elementor-widget-image\" data-id=\"c4a560a\" data-element_type=\"widget\" data-e-type=\"widget\" data-settings=\"{&quot;motion_fx_motion_fx_scrolling&quot;:&quot;yes&quot;,&quot;motion_fx_translateY_effect&quot;:&quot;yes&quot;,&quot;motion_fx_translateY_speed&quot;:{&quot;unit&quot;:&quot;px&quot;,&quot;size&quot;:4,&quot;sizes&quot;:[]},&quot;motion_fx_translateY_affectedRange&quot;:{&quot;unit&quot;:&quot;%&quot;,&quot;size&quot;:&quot;&quot;,&quot;sizes&quot;:{&quot;start&quot;:0,&quot;end&quot;:100}},&quot;motion_fx_devices&quot;:[&quot;desktop&quot;,&quot;tablet&quot;,&quot;mobile&quot;]}\" data-widget_type=\"image.default\">\n\t\t\t\t<div class=\"elementor-widget-container\">\n\t\t\t\t\t\t\t\t\t\t\t\t\t\t\t<img decoding=\"async\" width=\"1024\" height=\"683\" src=\"http:\/\/ewerdin.com\/wp-content\/uploads\/2025\/03\/Basen-1024x683.jpg\" class=\"attachment-large size-large wp-image-201\" alt=\"\" srcset=\"http:\/\/ewerdin.com\/wp-content\/uploads\/2025\/03\/Basen-1024x683.jpg 1024w, http:\/\/ewerdin.com\/wp-content\/uploads\/2025\/03\/Basen-300x200.jpg 300w, http:\/\/ewerdin.com\/wp-content\/uploads\/2025\/03\/Basen-768x512.jpg 768w, http:\/\/ewerdin.com\/wp-content\/uploads\/2025\/03\/Basen-1536x1025.jpg 1536w, http:\/\/ewerdin.com\/wp-content\/uploads\/2025\/03\/Basen-2048x1366.jpg 2048w\" sizes=\"(max-width: 1024px) 100vw, 1024px\" \/>\t\t\t\t\t\t\t\t\t\t\t\t\t\t\t<\/div>\n\t\t\t\t<\/div>\n\t\t\t\t<div class=\"elementor-element elementor-element-61292e1 elementor-widget elementor-widget-text-editor\" data-id=\"61292e1\" data-element_type=\"widget\" data-e-type=\"widget\" data-widget_type=\"text-editor.default\">\n\t\t\t\t<div class=\"elementor-widget-container\">\n\t\t\t\t\t\t\t\t\t<p>Strefa SPA Hotelu Ewerdin**** to idealna propozycja zar\u00f3wno dla Go\u015bci ceni\u0105cych prozdrowotny, aktywny wypoczynek, jak i poszukuj\u0105cych ciszy i niczym nie zm\u0105conego relaksu. W cenie pobytu mog\u0105 Pa\u0144stwo do woli korzysta\u0107 z naszego przestronnego basenu z wodospadem, jacuzzi oraz strefy saun. Aktywni z pewno\u015bci\u0105 doceni\u0105 bogate wyposa\u017cenie naszej sali fitness, a w przypadku deszczowej pogody, niedobory jodu uzupe\u0142ni\u0105 Pa\u0144stwo w trakcie seansu w grocie solnej.<\/p>\t\t\t\t\t\t\t\t<\/div>\n\t\t\t\t<\/div>\n\t\t\t\t<\/div>\n\t\t\t\t\t<\/div>\n\t\t\t\t<\/div>\n\t\t<div class=\"elementor-element elementor-element-32eea24 e-flex e-con-boxed e-con e-parent\" data-id=\"32eea24\" data-element_type=\"container\" data-e-type=\"container\">\n\t\t\t\t\t<div class=\"e-con-inner\">\n\t\t\t\t<div class=\"elementor-element elementor-element-55835c3 elementor-widget-divider--view-line elementor-widget elementor-widget-divider\" data-id=\"55835c3\" data-element_type=\"widget\" data-e-type=\"widget\" data-widget_type=\"divider.default\">\n\t\t\t\t<div class=\"elementor-widget-container\">\n\t\t\t\t\t\t\t<div class=\"elementor-divider\">\n\t\t\t<span class=\"elementor-divider-separator\">\n\t\t\t\t\t\t<\/span>\n\t\t<\/div>\n\t\t\t\t\t\t<\/div>\n\t\t\t\t<\/div>\n\t\t\t\t\t<\/div>\n\t\t\t\t<\/div>\n\t\t<div class=\"elementor-element elementor-element-78a7279 e-grid e-con-boxed e-con e-parent\" data-id=\"78a7279\" data-element_type=\"container\" data-e-type=\"container\">\n\t\t\t\t\t<div class=\"e-con-inner\">\n\t\t<div class=\"elementor-element elementor-element-03e110d e-grid e-con-full e-con e-child\" data-id=\"03e110d\" data-element_type=\"container\" data-e-type=\"container\">\n\t\t\t\t<div class=\"elementor-element elementor-element-eba6f5f elementor-widget elementor-widget-heading\" data-id=\"eba6f5f\" data-element_type=\"widget\" data-e-type=\"widget\" data-widget_type=\"heading.default\">\n\t\t\t\t<div class=\"elementor-widget-container\">\n\t\t\t\t\t<h6 class=\"elementor-heading-title elementor-size-default\"><br><br>GODZINY  OTWARCIA<\/h6>\t\t\t\t<\/div>\n\t\t\t\t<\/div>\n\t\t\t\t<div class=\"elementor-element elementor-element-2bc2ef8 elementor-widget elementor-widget-heading\" data-id=\"2bc2ef8\" data-element_type=\"widget\" data-e-type=\"widget\" data-widget_type=\"heading.default\">\n\t\t\t\t<div class=\"elementor-widget-container\">\n\t\t\t\t\t<h2 class=\"elementor-heading-title elementor-size-default\">Bezpieczny<br><br>wypoczynek<\/h2>\t\t\t\t<\/div>\n\t\t\t\t<\/div>\n\t\t\t\t<\/div>\n\t\t\t\t<div class=\"elementor-element elementor-element-2ff20dd elementor-widget elementor-widget-image\" data-id=\"2ff20dd\" data-element_type=\"widget\" data-e-type=\"widget\" data-settings=\"{&quot;motion_fx_motion_fx_scrolling&quot;:&quot;yes&quot;,&quot;motion_fx_translateY_effect&quot;:&quot;yes&quot;,&quot;motion_fx_translateY_speed&quot;:{&quot;unit&quot;:&quot;px&quot;,&quot;size&quot;:4,&quot;sizes&quot;:[]},&quot;motion_fx_translateY_affectedRange&quot;:{&quot;unit&quot;:&quot;%&quot;,&quot;size&quot;:&quot;&quot;,&quot;sizes&quot;:{&quot;start&quot;:0,&quot;end&quot;:100}},&quot;motion_fx_devices&quot;:[&quot;desktop&quot;,&quot;tablet&quot;,&quot;mobile&quot;]}\" data-widget_type=\"image.default\">\n\t\t\t\t<div class=\"elementor-widget-container\">\n\t\t\t\t\t\t\t\t\t\t\t\t\t\t\t<img decoding=\"async\" width=\"370\" height=\"307\" src=\"http:\/\/ewerdin.com\/wp-content\/uploads\/2025\/03\/sauna-min.jpg\" class=\"attachment-large size-large wp-image-381\" alt=\"\" srcset=\"http:\/\/ewerdin.com\/wp-content\/uploads\/2025\/03\/sauna-min.jpg 370w, http:\/\/ewerdin.com\/wp-content\/uploads\/2025\/03\/sauna-min-300x249.jpg 300w\" sizes=\"(max-width: 370px) 100vw, 370px\" \/>\t\t\t\t\t\t\t\t\t\t\t\t\t\t\t<\/div>\n\t\t\t\t<\/div>\n\t\t\t\t<div class=\"elementor-element elementor-element-74dd9da elementor-widget elementor-widget-image\" data-id=\"74dd9da\" data-element_type=\"widget\" data-e-type=\"widget\" data-settings=\"{&quot;motion_fx_motion_fx_scrolling&quot;:&quot;yes&quot;,&quot;motion_fx_translateY_effect&quot;:&quot;yes&quot;,&quot;motion_fx_translateY_affectedRange&quot;:{&quot;unit&quot;:&quot;%&quot;,&quot;size&quot;:&quot;&quot;,&quot;sizes&quot;:{&quot;start&quot;:47,&quot;end&quot;:100}},&quot;motion_fx_translateY_speed&quot;:{&quot;unit&quot;:&quot;px&quot;,&quot;size&quot;:4,&quot;sizes&quot;:[]},&quot;motion_fx_devices&quot;:[&quot;desktop&quot;,&quot;tablet&quot;,&quot;mobile&quot;]}\" data-widget_type=\"image.default\">\n\t\t\t\t<div class=\"elementor-widget-container\">\n\t\t\t\t\t\t\t\t\t\t\t\t\t\t\t<img loading=\"lazy\" decoding=\"async\" width=\"372\" height=\"307\" src=\"http:\/\/ewerdin.com\/wp-content\/uploads\/2025\/03\/sauna-2-min.jpg\" class=\"attachment-large size-large wp-image-380\" alt=\"\" srcset=\"http:\/\/ewerdin.com\/wp-content\/uploads\/2025\/03\/sauna-2-min.jpg 372w, http:\/\/ewerdin.com\/wp-content\/uploads\/2025\/03\/sauna-2-min-300x248.jpg 300w\" sizes=\"(max-width: 372px) 100vw, 372px\" \/>\t\t\t\t\t\t\t\t\t\t\t\t\t\t\t<\/div>\n\t\t\t\t<\/div>\n\t\t\t\t\t<\/div>\n\t\t\t\t<\/div>\n\t\t<div class=\"elementor-element elementor-element-c9e4ee5 e-grid e-con-boxed e-con e-parent\" data-id=\"c9e4ee5\" data-element_type=\"container\" data-e-type=\"container\">\n\t\t\t\t\t<div class=\"e-con-inner\">\n\t\t\t\t<div class=\"elementor-element elementor-element-90a08e8 e-transform elementor-widget elementor-widget-image\" data-id=\"90a08e8\" data-element_type=\"widget\" data-e-type=\"widget\" data-settings=\"{&quot;motion_fx_motion_fx_scrolling&quot;:&quot;yes&quot;,&quot;motion_fx_translateY_effect&quot;:&quot;yes&quot;,&quot;_transform_scale_effect_hover&quot;:{&quot;unit&quot;:&quot;px&quot;,&quot;size&quot;:1.2,&quot;sizes&quot;:[]},&quot;motion_fx_translateY_speed&quot;:{&quot;unit&quot;:&quot;px&quot;,&quot;size&quot;:4,&quot;sizes&quot;:[]},&quot;motion_fx_translateY_affectedRange&quot;:{&quot;unit&quot;:&quot;%&quot;,&quot;size&quot;:&quot;&quot;,&quot;sizes&quot;:{&quot;start&quot;:0,&quot;end&quot;:100}},&quot;motion_fx_devices&quot;:[&quot;desktop&quot;,&quot;tablet&quot;,&quot;mobile&quot;],&quot;_transform_scale_effect_hover_tablet&quot;:{&quot;unit&quot;:&quot;px&quot;,&quot;size&quot;:&quot;&quot;,&quot;sizes&quot;:[]},&quot;_transform_scale_effect_hover_mobile&quot;:{&quot;unit&quot;:&quot;px&quot;,&quot;size&quot;:&quot;&quot;,&quot;sizes&quot;:[]}}\" data-widget_type=\"image.default\">\n\t\t\t\t<div class=\"elementor-widget-container\">\n\t\t\t\t\t\t\t\t\t\t\t\t\t\t\t<img loading=\"lazy\" decoding=\"async\" width=\"1024\" height=\"768\" src=\"http:\/\/ewerdin.com\/wp-content\/uploads\/2025\/04\/grota-solna-1024x768.jpg\" class=\"attachment-large size-large wp-image-707\" alt=\"\" srcset=\"http:\/\/ewerdin.com\/wp-content\/uploads\/2025\/04\/grota-solna-1024x768.jpg 1024w, http:\/\/ewerdin.com\/wp-content\/uploads\/2025\/04\/grota-solna-300x225.jpg 300w, http:\/\/ewerdin.com\/wp-content\/uploads\/2025\/04\/grota-solna-768x576.jpg 768w, http:\/\/ewerdin.com\/wp-content\/uploads\/2025\/04\/grota-solna-1536x1152.jpg 1536w, http:\/\/ewerdin.com\/wp-content\/uploads\/2025\/04\/grota-solna-2048x1536.jpg 2048w\" sizes=\"(max-width: 1024px) 100vw, 1024px\" \/>\t\t\t\t\t\t\t\t\t\t\t\t\t\t\t<\/div>\n\t\t\t\t<\/div>\n\t\t\t\t<div class=\"elementor-element elementor-element-e1b43b6 elementor-widget elementor-widget-heading\" data-id=\"e1b43b6\" data-element_type=\"widget\" data-e-type=\"widget\" data-widget_type=\"heading.default\">\n\t\t\t\t<div class=\"elementor-widget-container\">\n\t\t\t\t\t<h5 class=\"elementor-heading-title elementor-size-default\">Strefa SPA - basen, jacuzzi i sauny, pozostaje do Pa\u0144stwa dyspozycji 7 dni w tygodniu, w godzinach od 15:00 do 21:00. Dla mi\u0142o\u015bnik\u00f3w rannego p\u0142ywania oferujemy tak\u017ce mo\u017cliwo\u015b\u0107 korzystania z basenu i jacuzzi w godzinach od:\n                 7:00 do 9:00.<br><br>\nNad bezpiecze\u0144stwem Go\u015bci czuwa ratownik.<br><br>       \n\n\n      Aktualna roczna ocena jako\u015bci wody     basenowej, oraz<br>             bie\u017c\u0105ce wyniki badania wody.<\/h5>\t\t\t\t<\/div>\n\t\t\t\t<\/div>\n\t\t<div class=\"elementor-element elementor-element-090ea34 e-grid e-con-full e-con e-child\" data-id=\"090ea34\" data-element_type=\"container\" data-e-type=\"container\">\n\t\t\t\t<\/div>\n\t\t<div class=\"elementor-element elementor-element-7f5d466 e-grid e-con-full e-con e-child\" data-id=\"7f5d466\" data-element_type=\"container\" data-e-type=\"container\">\n\t\t\t\t<div class=\"elementor-element elementor-element-6b1da9d elementor-widget elementor-widget-button\" data-id=\"6b1da9d\" data-element_type=\"widget\" data-e-type=\"widget\" data-widget_type=\"button.default\">\n\t\t\t\t<div class=\"elementor-widget-container\">\n\t\t\t\t\t\t\t\t\t<div class=\"elementor-button-wrapper\">\n\t\t\t\t\t<a class=\"elementor-button elementor-button-link elementor-size-sm\" href=\"http:\/\/ewerdin.com\/wp-content\/uploads\/2025\/03\/Roczna-ocena-jakosci-wody-basen.pdf\">\n\t\t\t\t\t\t<span class=\"elementor-button-content-wrapper\">\n\t\t\t\t\t\t\t\t\t<span class=\"elementor-button-text\">Roczna ocena<\/span>\n\t\t\t\t\t<\/span>\n\t\t\t\t\t<\/a>\n\t\t\t\t<\/div>\n\t\t\t\t\t\t\t\t<\/div>\n\t\t\t\t<\/div>\n\t\t\t\t<div class=\"elementor-element elementor-element-9065396 elementor-widget elementor-widget-button\" data-id=\"9065396\" data-element_type=\"widget\" data-e-type=\"widget\" data-widget_type=\"button.default\">\n\t\t\t\t<div class=\"elementor-widget-container\">\n\t\t\t\t\t\t\t\t\t<div class=\"elementor-button-wrapper\">\n\t\t\t\t\t<a class=\"elementor-button elementor-button-link elementor-size-sm\" href=\"http:\/\/ewerdin.com\/wp-content\/uploads\/2025\/03\/SGS01.pdf\">\n\t\t\t\t\t\t<span class=\"elementor-button-content-wrapper\">\n\t\t\t\t\t\t\t\t\t<span class=\"elementor-button-text\">Aktualne wyniki<\/span>\n\t\t\t\t\t<\/span>\n\t\t\t\t\t<\/a>\n\t\t\t\t<\/div>\n\t\t\t\t\t\t\t\t<\/div>\n\t\t\t\t<\/div>\n\t\t\t\t<\/div>\n\t\t\t\t\t<\/div>\n\t\t\t\t<\/div>\n\t\t\t\t<\/div>\n\t\t","protected":false},"excerpt":{"rendered":"<p>\u00a0 \u00a0 STREFA SPA Relaks przez ca\u0142y rok Strefa SPA Hotelu Ewerdin**** to idealna propozycja zar\u00f3wno dla Go\u015bci ceni\u0105cych prozdrowotny, aktywny wypoczynek, jak i poszukuj\u0105cych ciszy i niczym nie zm\u0105conego relaksu. W cenie pobytu mog\u0105 Pa\u0144stwo do woli korzysta\u0107 z naszego przestronnego basenu z wodospadem, jacuzzi oraz strefy saun. Aktywni z pewno\u015bci\u0105 doceni\u0105 bogate wyposa\u017cenie [&hellip;]<\/p>\n","protected":false},"author":1,"featured_media":0,"parent":0,"menu_order":0,"comment_status":"closed","ping_status":"closed","template":"","meta":{"footnotes":""},"class_list":["post-294","page","type-page","status-publish","hentry"],"yoast_head":"<!-- This site is optimized with the Yoast SEO plugin v27.2 - https:\/\/yoast.com\/product\/yoast-seo-wordpress\/ -->\n<title>SPA - Hotel Ewerdin<\/title>\n<meta name=\"robots\" content=\"index, follow, max-snippet:-1, max-image-preview:large, max-video-preview:-1\" \/>\n<link rel=\"canonical\" href=\"http:\/\/ewerdin.com\/?page_id=294\" \/>\n<meta property=\"og:locale\" content=\"en_US\" \/>\n<meta property=\"og:type\" content=\"article\" \/>\n<meta property=\"og:title\" content=\"SPA - Hotel Ewerdin\" \/>\n<meta property=\"og:description\" content=\"\u00a0 \u00a0 STREFA SPA Relaks przez ca\u0142y rok Strefa SPA Hotelu Ewerdin**** to idealna propozycja zar\u00f3wno dla Go\u015bci ceni\u0105cych prozdrowotny, aktywny wypoczynek, jak i poszukuj\u0105cych ciszy i niczym nie zm\u0105conego relaksu. W cenie pobytu mog\u0105 Pa\u0144stwo do woli korzysta\u0107 z naszego przestronnego basenu z wodospadem, jacuzzi oraz strefy saun. Aktywni z pewno\u015bci\u0105 doceni\u0105 bogate wyposa\u017cenie [&hellip;]\" \/>\n<meta property=\"og:url\" content=\"http:\/\/ewerdin.com\/?page_id=294\" \/>\n<meta property=\"og:site_name\" content=\"Hotel Ewerdin\" \/>\n<meta property=\"article:modified_time\" content=\"2025-04-06T18:27:27+00:00\" \/>\n<meta property=\"og:image\" content=\"http:\/\/ewerdin.com\/wp-content\/uploads\/2025\/03\/Basen1.jpg\" \/>\n<meta name=\"twitter:card\" content=\"summary_large_image\" \/>\n<meta name=\"twitter:label1\" content=\"Est. reading time\" \/>\n\t<meta name=\"twitter:data1\" content=\"2 minutes\" \/>\n<script type=\"application\/ld+json\" class=\"yoast-schema-graph\">{\"@context\":\"https:\/\/schema.org\",\"@graph\":[{\"@type\":\"WebPage\",\"@id\":\"http:\/\/ewerdin.com\/?page_id=294\",\"url\":\"http:\/\/ewerdin.com\/?page_id=294\",\"name\":\"SPA - Hotel Ewerdin\",\"isPartOf\":{\"@id\":\"http:\/\/ewerdin.com\/#website\"},\"primaryImageOfPage\":{\"@id\":\"http:\/\/ewerdin.com\/?page_id=294#primaryimage\"},\"image\":{\"@id\":\"http:\/\/ewerdin.com\/?page_id=294#primaryimage\"},\"thumbnailUrl\":\"http:\/\/ewerdin.com\/wp-content\/uploads\/2025\/03\/Basen1.jpg\",\"datePublished\":\"2025-03-22T19:42:38+00:00\",\"dateModified\":\"2025-04-06T18:27:27+00:00\",\"breadcrumb\":{\"@id\":\"http:\/\/ewerdin.com\/?page_id=294#breadcrumb\"},\"inLanguage\":\"en-US\",\"potentialAction\":[{\"@type\":\"ReadAction\",\"target\":[\"http:\/\/ewerdin.com\/?page_id=294\"]}]},{\"@type\":\"ImageObject\",\"inLanguage\":\"en-US\",\"@id\":\"http:\/\/ewerdin.com\/?page_id=294#primaryimage\",\"url\":\"http:\/\/ewerdin.com\/wp-content\/uploads\/2025\/03\/Basen1-e1743374302451.jpg\",\"contentUrl\":\"http:\/\/ewerdin.com\/wp-content\/uploads\/2025\/03\/Basen1-e1743374302451.jpg\",\"width\":1049,\"height\":700},{\"@type\":\"BreadcrumbList\",\"@id\":\"http:\/\/ewerdin.com\/?page_id=294#breadcrumb\",\"itemListElement\":[{\"@type\":\"ListItem\",\"position\":1,\"name\":\"Home\",\"item\":\"https:\/\/ewerdin.com\/\"},{\"@type\":\"ListItem\",\"position\":2,\"name\":\"SPA\"}]},{\"@type\":\"WebSite\",\"@id\":\"http:\/\/ewerdin.com\/#website\",\"url\":\"http:\/\/ewerdin.com\/\",\"name\":\"Hotel Ewerdin\",\"description\":\"\",\"publisher\":{\"@id\":\"http:\/\/ewerdin.com\/#organization\"},\"potentialAction\":[{\"@type\":\"SearchAction\",\"target\":{\"@type\":\"EntryPoint\",\"urlTemplate\":\"http:\/\/ewerdin.com\/?s={search_term_string}\"},\"query-input\":{\"@type\":\"PropertyValueSpecification\",\"valueRequired\":true,\"valueName\":\"search_term_string\"}}],\"inLanguage\":\"en-US\"},{\"@type\":\"Organization\",\"@id\":\"http:\/\/ewerdin.com\/#organization\",\"name\":\"Hotel Ewerdin\",\"url\":\"http:\/\/ewerdin.com\/\",\"logo\":{\"@type\":\"ImageObject\",\"inLanguage\":\"en-US\",\"@id\":\"http:\/\/ewerdin.com\/#\/schema\/logo\/image\/\",\"url\":\"http:\/\/ewerdin.com\/wp-content\/uploads\/2025\/03\/Logo-Ewerdin-3.png\",\"contentUrl\":\"http:\/\/ewerdin.com\/wp-content\/uploads\/2025\/03\/Logo-Ewerdin-3.png\",\"width\":850,\"height\":159,\"caption\":\"Hotel Ewerdin \"},\"image\":{\"@id\":\"http:\/\/ewerdin.com\/#\/schema\/logo\/image\/\"}}]}<\/script>\n<!-- \/ Yoast SEO plugin. -->","yoast_head_json":{"title":"SPA - Hotel Ewerdin","robots":{"index":"index","follow":"follow","max-snippet":"max-snippet:-1","max-image-preview":"max-image-preview:large","max-video-preview":"max-video-preview:-1"},"canonical":"http:\/\/ewerdin.com\/?page_id=294","og_locale":"en_US","og_type":"article","og_title":"SPA - Hotel Ewerdin","og_description":"\u00a0 \u00a0 STREFA SPA Relaks przez ca\u0142y rok Strefa SPA Hotelu Ewerdin**** to idealna propozycja zar\u00f3wno dla Go\u015bci ceni\u0105cych prozdrowotny, aktywny wypoczynek, jak i poszukuj\u0105cych ciszy i niczym nie zm\u0105conego relaksu. W cenie pobytu mog\u0105 Pa\u0144stwo do woli korzysta\u0107 z naszego przestronnego basenu z wodospadem, jacuzzi oraz strefy saun. Aktywni z pewno\u015bci\u0105 doceni\u0105 bogate wyposa\u017cenie [&hellip;]","og_url":"http:\/\/ewerdin.com\/?page_id=294","og_site_name":"Hotel Ewerdin","article_modified_time":"2025-04-06T18:27:27+00:00","og_image":[{"url":"http:\/\/ewerdin.com\/wp-content\/uploads\/2025\/03\/Basen1.jpg","type":"","width":"","height":""}],"twitter_card":"summary_large_image","twitter_misc":{"Est. reading time":"2 minutes"},"schema":{"@context":"https:\/\/schema.org","@graph":[{"@type":"WebPage","@id":"http:\/\/ewerdin.com\/?page_id=294","url":"http:\/\/ewerdin.com\/?page_id=294","name":"SPA - Hotel Ewerdin","isPartOf":{"@id":"http:\/\/ewerdin.com\/#website"},"primaryImageOfPage":{"@id":"http:\/\/ewerdin.com\/?page_id=294#primaryimage"},"image":{"@id":"http:\/\/ewerdin.com\/?page_id=294#primaryimage"},"thumbnailUrl":"http:\/\/ewerdin.com\/wp-content\/uploads\/2025\/03\/Basen1.jpg","datePublished":"2025-03-22T19:42:38+00:00","dateModified":"2025-04-06T18:27:27+00:00","breadcrumb":{"@id":"http:\/\/ewerdin.com\/?page_id=294#breadcrumb"},"inLanguage":"en-US","potentialAction":[{"@type":"ReadAction","target":["http:\/\/ewerdin.com\/?page_id=294"]}]},{"@type":"ImageObject","inLanguage":"en-US","@id":"http:\/\/ewerdin.com\/?page_id=294#primaryimage","url":"http:\/\/ewerdin.com\/wp-content\/uploads\/2025\/03\/Basen1-e1743374302451.jpg","contentUrl":"http:\/\/ewerdin.com\/wp-content\/uploads\/2025\/03\/Basen1-e1743374302451.jpg","width":1049,"height":700},{"@type":"BreadcrumbList","@id":"http:\/\/ewerdin.com\/?page_id=294#breadcrumb","itemListElement":[{"@type":"ListItem","position":1,"name":"Home","item":"https:\/\/ewerdin.com\/"},{"@type":"ListItem","position":2,"name":"SPA"}]},{"@type":"WebSite","@id":"http:\/\/ewerdin.com\/#website","url":"http:\/\/ewerdin.com\/","name":"Hotel Ewerdin","description":"","publisher":{"@id":"http:\/\/ewerdin.com\/#organization"},"potentialAction":[{"@type":"SearchAction","target":{"@type":"EntryPoint","urlTemplate":"http:\/\/ewerdin.com\/?s={search_term_string}"},"query-input":{"@type":"PropertyValueSpecification","valueRequired":true,"valueName":"search_term_string"}}],"inLanguage":"en-US"},{"@type":"Organization","@id":"http:\/\/ewerdin.com\/#organization","name":"Hotel Ewerdin","url":"http:\/\/ewerdin.com\/","logo":{"@type":"ImageObject","inLanguage":"en-US","@id":"http:\/\/ewerdin.com\/#\/schema\/logo\/image\/","url":"http:\/\/ewerdin.com\/wp-content\/uploads\/2025\/03\/Logo-Ewerdin-3.png","contentUrl":"http:\/\/ewerdin.com\/wp-content\/uploads\/2025\/03\/Logo-Ewerdin-3.png","width":850,"height":159,"caption":"Hotel Ewerdin "},"image":{"@id":"http:\/\/ewerdin.com\/#\/schema\/logo\/image\/"}}]}},"_links":{"self":[{"href":"http:\/\/ewerdin.com\/index.php?rest_route=\/wp\/v2\/pages\/294","targetHints":{"allow":["GET"]}}],"collection":[{"href":"http:\/\/ewerdin.com\/index.php?rest_route=\/wp\/v2\/pages"}],"about":[{"href":"http:\/\/ewerdin.com\/index.php?rest_route=\/wp\/v2\/types\/page"}],"author":[{"embeddable":true,"href":"http:\/\/ewerdin.com\/index.php?rest_route=\/wp\/v2\/users\/1"}],"replies":[{"embeddable":true,"href":"http:\/\/ewerdin.com\/index.php?rest_route=%2Fwp%2Fv2%2Fcomments&post=294"}],"version-history":[{"count":82,"href":"http:\/\/ewerdin.com\/index.php?rest_route=\/wp\/v2\/pages\/294\/revisions"}],"predecessor-version":[{"id":771,"href":"http:\/\/ewerdin.com\/index.php?rest_route=\/wp\/v2\/pages\/294\/revisions\/771"}],"wp:attachment":[{"href":"http:\/\/ewerdin.com\/index.php?rest_route=%2Fwp%2Fv2%2Fmedia&parent=294"}],"curies":[{"name":"wp","href":"https:\/\/api.w.org\/{rel}","templated":true}]}}