{"id":591,"date":"2025-03-30T21:40:43","date_gmt":"2025-03-30T19:40:43","guid":{"rendered":"https:\/\/ewerdin.com\/?page_id=591"},"modified":"2025-03-30T23:41:46","modified_gmt":"2025-03-30T21:41:46","slug":"o-nas","status":"publish","type":"page","link":"https:\/\/ewerdin.com\/?page_id=591","title":{"rendered":"o nas"},"content":{"rendered":"\t\t<div data-elementor-type=\"wp-page\" data-elementor-id=\"591\" class=\"elementor elementor-591\" data-elementor-post-type=\"page\">\n\t\t\t\t<div class=\"elementor-element elementor-element-239b7bc e-con-full e-flex e-con e-parent\" data-id=\"239b7bc\" data-element_type=\"container\" data-e-type=\"container\">\n\t\t\t\t<div class=\"elementor-element elementor-element-f0c1376 elementor-widget-divider--view-line elementor-widget elementor-widget-divider\" data-id=\"f0c1376\" data-element_type=\"widget\" data-e-type=\"widget\" data-widget_type=\"divider.default\">\n\t\t\t\t<div class=\"elementor-widget-container\">\n\t\t\t\t\t\t\t<div class=\"elementor-divider\">\n\t\t\t<span class=\"elementor-divider-separator\">\n\t\t\t\t\t\t<\/span>\n\t\t<\/div>\n\t\t\t\t\t\t<\/div>\n\t\t\t\t<\/div>\n\t\t\t\t<div class=\"elementor-element elementor-element-60af13a elementor-widget__width-initial elementor-widget elementor-widget-image\" data-id=\"60af13a\" data-element_type=\"widget\" data-e-type=\"widget\" data-widget_type=\"image.default\">\n\t\t\t\t<div class=\"elementor-widget-container\">\n\t\t\t\t\t\t\t\t\t\t\t\t\t\t\t<img fetchpriority=\"high\" decoding=\"async\" width=\"1024\" height=\"614\" src=\"https:\/\/ewerdin.com\/wp-content\/uploads\/2025\/03\/Hotel-1024x614.png\" class=\"attachment-large size-large wp-image-247\" alt=\"\" srcset=\"https:\/\/ewerdin.com\/wp-content\/uploads\/2025\/03\/Hotel-1024x614.png 1024w, https:\/\/ewerdin.com\/wp-content\/uploads\/2025\/03\/Hotel-300x180.png 300w, https:\/\/ewerdin.com\/wp-content\/uploads\/2025\/03\/Hotel-768x460.png 768w, https:\/\/ewerdin.com\/wp-content\/uploads\/2025\/03\/Hotel-1536x920.png 1536w, https:\/\/ewerdin.com\/wp-content\/uploads\/2025\/03\/Hotel.png 1557w\" sizes=\"(max-width: 1024px) 100vw, 1024px\" \/>\t\t\t\t\t\t\t\t\t\t\t\t\t\t\t<\/div>\n\t\t\t\t<\/div>\n\t\t\t\t<\/div>\n\t\t<div class=\"elementor-element elementor-element-29ed1fb e-flex e-con-boxed e-con e-parent\" data-id=\"29ed1fb\" data-element_type=\"container\" data-e-type=\"container\">\n\t\t\t\t\t<div class=\"e-con-inner\">\n\t\t\t\t<div class=\"elementor-element elementor-element-0c9e861 elementor-widget-divider--view-line elementor-widget elementor-widget-divider\" data-id=\"0c9e861\" data-element_type=\"widget\" data-e-type=\"widget\" data-widget_type=\"divider.default\">\n\t\t\t\t<div class=\"elementor-widget-container\">\n\t\t\t\t\t\t\t<div class=\"elementor-divider\">\n\t\t\t<span class=\"elementor-divider-separator\">\n\t\t\t\t\t\t<\/span>\n\t\t<\/div>\n\t\t\t\t\t\t<\/div>\n\t\t\t\t<\/div>\n\t\t\t\t\t<\/div>\n\t\t\t\t<\/div>\n\t\t<div class=\"elementor-element elementor-element-8baba13 e-flex e-con-boxed e-con e-parent\" data-id=\"8baba13\" data-element_type=\"container\" data-e-type=\"container\">\n\t\t\t\t\t<div class=\"e-con-inner\">\n\t\t<div class=\"elementor-element elementor-element-28a6aaf e-con-full e-flex e-con e-child\" data-id=\"28a6aaf\" data-element_type=\"container\" data-e-type=\"container\">\n\t\t\t\t<div class=\"elementor-element elementor-element-1bf7e71 elementor-widget elementor-widget-heading\" data-id=\"1bf7e71\" data-element_type=\"widget\" data-e-type=\"widget\" data-widget_type=\"heading.default\">\n\t\t\t\t<div class=\"elementor-widget-container\">\n\t\t\t\t\t<h2 class=\"elementor-heading-title elementor-size-default\">o nas<\/h2>\t\t\t\t<\/div>\n\t\t\t\t<\/div>\n\t\t\t\t<\/div>\n\t\t\t\t\t<\/div>\n\t\t\t\t<\/div>\n\t\t<div class=\"elementor-element elementor-element-3c9832c e-flex e-con-boxed e-con e-parent\" data-id=\"3c9832c\" data-element_type=\"container\" data-e-type=\"container\">\n\t\t\t\t\t<div class=\"e-con-inner\">\n\t\t\t\t<div class=\"elementor-element elementor-element-d88cfad elementor-widget-divider--view-line elementor-widget elementor-widget-divider\" data-id=\"d88cfad\" data-element_type=\"widget\" data-e-type=\"widget\" data-widget_type=\"divider.default\">\n\t\t\t\t<div class=\"elementor-widget-container\">\n\t\t\t\t\t\t\t<div class=\"elementor-divider\">\n\t\t\t<span class=\"elementor-divider-separator\">\n\t\t\t\t\t\t<\/span>\n\t\t<\/div>\n\t\t\t\t\t\t<\/div>\n\t\t\t\t<\/div>\n\t\t\t\t\t<\/div>\n\t\t\t\t<\/div>\n\t\t<div class=\"elementor-element elementor-element-c37c714 e-flex e-con-boxed e-con e-parent\" data-id=\"c37c714\" data-element_type=\"container\" data-e-type=\"container\">\n\t\t\t\t\t<div class=\"e-con-inner\">\n\t\t\t\t<div class=\"elementor-element elementor-element-893241b elementor-widget-divider--view-line elementor-widget elementor-widget-divider\" data-id=\"893241b\" data-element_type=\"widget\" data-e-type=\"widget\" data-widget_type=\"divider.default\">\n\t\t\t\t<div class=\"elementor-widget-container\">\n\t\t\t\t\t\t\t<div class=\"elementor-divider\">\n\t\t\t<span class=\"elementor-divider-separator\">\n\t\t\t\t\t\t<\/span>\n\t\t<\/div>\n\t\t\t\t\t\t<\/div>\n\t\t\t\t<\/div>\n\t\t\t\t\t<\/div>\n\t\t\t\t<\/div>\n\t\t<div class=\"elementor-element elementor-element-e8c3bcb e-grid e-con-boxed e-con e-parent\" data-id=\"e8c3bcb\" data-element_type=\"container\" data-e-type=\"container\">\n\t\t\t\t\t<div class=\"e-con-inner\">\n\t\t\t\t<div class=\"elementor-element elementor-element-dcb049f elementor-widget elementor-widget-text-editor\" data-id=\"dcb049f\" data-element_type=\"widget\" data-e-type=\"widget\" data-widget_type=\"text-editor.default\">\n\t\t\t\t<div class=\"elementor-widget-container\">\n\t\t\t\t\t\t\t\t\t<div class=\"overline-12px _32px-bot_m\"><span style=\"vertical-align: inherit;\"><span style=\"vertical-align: inherit;\"><span style=\"vertical-align: inherit;\"><span style=\"vertical-align: inherit;\"><span style=\"vertical-align: inherit;\"><span style=\"vertical-align: inherit;\">hotel<\/span><\/span><\/span><\/span><\/span><\/span><\/div><div>\u00a0<\/div><h2 class=\"h2-48px _32px-bot_m\"><span style=\"vertical-align: inherit;\"><span style=\"vertical-align: inherit;\"><span style=\"vertical-align: inherit;\"><span style=\"vertical-align: inherit;\">Przytulne pokoje<\/span><\/span><\/span><\/span><\/h2><p class=\"paragraph _32px-bot_m\"><span style=\"vertical-align: inherit;\"><span style=\"vertical-align: inherit;\"><span style=\"vertical-align: inherit;\"><span style=\"vertical-align: inherit;\">Hotel Ewerdin**** to ma\u0142y, przyjazny i rodzinny obiekt. Niezale\u017cnie od tego, czy s\u0105 Pa\u0144stwo na kr\u00f3tkim urlopie w mie\u015bcie, czy planujecie d\u0142u\u017csz\u0105 podr\u00f3\u017c, oferujemy Pa\u0144stwu komfortowe zakwaterowanie w przyjaznej atmosferze i ciep\u0142e powitanie.<\/span><\/span><\/span><\/span><\/p><p class=\"paragraph _32px-bot_m\"><span style=\"vertical-align: inherit;\"><span style=\"vertical-align: inherit;\"><span style=\"vertical-align: inherit;\"><span style=\"vertical-align: inherit;\">Do Pa\u0144stwa dyspozycji oddajemy 62 jasne, przestronne i komfortowe pokoje, w tym dwa apartamenty. Wszystkie pokoje s\u0105 nowocze\u015bnie i funkcjonalnie umeblowane oraz wyposa\u017cone w TV LCD, lod\u00f3wk\u0119, bezp\u0142atne Wi-Fi oraz sejf. Ka\u017cdy z pokoi posiada \u0142azienk\u0119 z prysznicem, oraz przestronny balkon, oraz posiada regulowan\u0105, ekologiczn\u0105 klimatyzacj\u0119 z naszych w\u0142asnych pomp cieplnych. Cz\u0119\u015b\u0107 pokoi na wy\u017cszych kondygnacjach oferuje widok na pla\u017c\u0119 i morze.<\/span><\/span><\/span><\/span><\/p>\t\t\t\t\t\t\t\t<\/div>\n\t\t\t\t<\/div>\n\t\t<div class=\"elementor-element elementor-element-35b6575 e-con-full e-flex e-con e-child\" data-id=\"35b6575\" data-element_type=\"container\" data-e-type=\"container\">\n\t\t\t\t<div class=\"elementor-element elementor-element-7372b1d elementor--h-position-center elementor--v-position-middle elementor-arrows-position-inside elementor-pagination-position-inside elementor-widget elementor-widget-slides\" data-id=\"7372b1d\" data-element_type=\"widget\" data-e-type=\"widget\" data-settings=\"{&quot;navigation&quot;:&quot;both&quot;,&quot;autoplay&quot;:&quot;yes&quot;,&quot;pause_on_hover&quot;:&quot;yes&quot;,&quot;pause_on_interaction&quot;:&quot;yes&quot;,&quot;autoplay_speed&quot;:5000,&quot;infinite&quot;:&quot;yes&quot;,&quot;transition&quot;:&quot;slide&quot;,&quot;transition_speed&quot;:500}\" data-widget_type=\"slides.default\">\n\t\t\t\t<div class=\"elementor-widget-container\">\n\t\t\t\t\t\t\t\t\t<div class=\"elementor-swiper\">\n\t\t\t\t\t<div class=\"elementor-slides-wrapper elementor-main-swiper swiper\" role=\"region\" aria-roledescription=\"carousel\" aria-label=\"Slajdy\" dir=\"ltr\" data-animation=\"fadeInUp\">\n\t\t\t\t<div class=\"swiper-wrapper elementor-slides\">\n\t\t\t\t\t\t\t\t\t\t<div class=\"elementor-repeater-item-e30a4c2 swiper-slide\" role=\"group\" aria-roledescription=\"slide\"><div class=\"swiper-slide-bg\" role=\"img\"><\/div><div class=\"swiper-slide-inner\" ><div class=\"swiper-slide-contents\"><\/div><\/div><\/div><div class=\"elementor-repeater-item-a45a526 swiper-slide\" role=\"group\" aria-roledescription=\"slide\"><div class=\"swiper-slide-bg\" role=\"img\"><\/div><div class=\"swiper-slide-inner\" ><div class=\"swiper-slide-contents\"><\/div><\/div><\/div>\t\t\t\t<\/div>\n\t\t\t\t\t\t\t\t\t\t\t\t\t\t\t<div class=\"elementor-swiper-button elementor-swiper-button-prev\" role=\"button\" tabindex=\"0\" aria-label=\"Previous slide\">\n\t\t\t\t\t\t\t<svg aria-hidden=\"true\" class=\"e-font-icon-svg e-eicon-chevron-left\" viewBox=\"0 0 1000 1000\" xmlns=\"http:\/\/www.w3.org\/2000\/svg\"><path d=\"M646 125C629 125 613 133 604 142L308 442C296 454 292 471 292 487 292 504 296 521 308 533L604 854C617 867 629 875 646 875 663 875 679 871 692 858 704 846 713 829 713 812 713 796 708 779 692 767L438 487 692 225C700 217 708 204 708 187 708 171 704 154 692 142 675 129 663 125 646 125Z\"><\/path><\/svg>\t\t\t\t\t\t<\/div>\n\t\t\t\t\t\t<div class=\"elementor-swiper-button elementor-swiper-button-next\" role=\"button\" tabindex=\"0\" aria-label=\"Next slide\">\n\t\t\t\t\t\t\t<svg aria-hidden=\"true\" class=\"e-font-icon-svg e-eicon-chevron-right\" viewBox=\"0 0 1000 1000\" xmlns=\"http:\/\/www.w3.org\/2000\/svg\"><path d=\"M696 533C708 521 713 504 713 487 713 471 708 454 696 446L400 146C388 133 375 125 354 125 338 125 325 129 313 142 300 154 292 171 292 187 292 204 296 221 308 233L563 492 304 771C292 783 288 800 288 817 288 833 296 850 308 863 321 871 338 875 354 875 371 875 388 867 400 854L696 533Z\"><\/path><\/svg>\t\t\t\t\t\t<\/div>\n\t\t\t\t\t\t\t\t\t\t\t\t\t\t\t\t<div class=\"swiper-pagination\"><\/div>\n\t\t\t\t\t\t\t\t\t\t\t\t<\/div>\n\t\t\t\t<\/div>\n\t\t\t\t\t\t\t\t<\/div>\n\t\t\t\t<\/div>\n\t\t\t\t<\/div>\n\t\t\t\t\t<\/div>\n\t\t\t\t<\/div>\n\t\t<div class=\"elementor-element elementor-element-02eab5f e-flex e-con-boxed e-con e-parent\" data-id=\"02eab5f\" data-element_type=\"container\" data-e-type=\"container\">\n\t\t\t\t\t<div class=\"e-con-inner\">\n\t\t\t\t<div class=\"elementor-element elementor-element-d1eebb0 elementor-widget-divider--view-line elementor-widget elementor-widget-divider\" data-id=\"d1eebb0\" data-element_type=\"widget\" data-e-type=\"widget\" data-widget_type=\"divider.default\">\n\t\t\t\t<div class=\"elementor-widget-container\">\n\t\t\t\t\t\t\t<div class=\"elementor-divider\">\n\t\t\t<span class=\"elementor-divider-separator\">\n\t\t\t\t\t\t<\/span>\n\t\t<\/div>\n\t\t\t\t\t\t<\/div>\n\t\t\t\t<\/div>\n\t\t\t\t\t<\/div>\n\t\t\t\t<\/div>\n\t\t<div class=\"elementor-element elementor-element-cb72d7b e-grid e-con-boxed e-con e-parent\" data-id=\"cb72d7b\" data-element_type=\"container\" data-e-type=\"container\">\n\t\t\t\t\t<div class=\"e-con-inner\">\n\t\t\t\t<div class=\"elementor-element elementor-element-03d18dd elementor--h-position-center elementor--v-position-middle elementor-arrows-position-inside elementor-pagination-position-inside elementor-widget elementor-widget-slides\" data-id=\"03d18dd\" data-element_type=\"widget\" data-e-type=\"widget\" data-settings=\"{&quot;navigation&quot;:&quot;both&quot;,&quot;autoplay&quot;:&quot;yes&quot;,&quot;pause_on_hover&quot;:&quot;yes&quot;,&quot;pause_on_interaction&quot;:&quot;yes&quot;,&quot;autoplay_speed&quot;:5000,&quot;infinite&quot;:&quot;yes&quot;,&quot;transition&quot;:&quot;slide&quot;,&quot;transition_speed&quot;:500}\" data-widget_type=\"slides.default\">\n\t\t\t\t<div class=\"elementor-widget-container\">\n\t\t\t\t\t\t\t\t\t<div class=\"elementor-swiper\">\n\t\t\t\t\t<div class=\"elementor-slides-wrapper elementor-main-swiper swiper\" role=\"region\" aria-roledescription=\"carousel\" aria-label=\"Slajdy\" dir=\"ltr\" data-animation=\"fadeInUp\">\n\t\t\t\t<div class=\"swiper-wrapper elementor-slides\">\n\t\t\t\t\t\t\t\t\t\t<div class=\"elementor-repeater-item-4353c8c swiper-slide\" role=\"group\" aria-roledescription=\"slide\"><div class=\"swiper-slide-bg\" role=\"img\"><\/div><div class=\"swiper-slide-inner\" ><div class=\"swiper-slide-contents\"><\/div><\/div><\/div><div class=\"elementor-repeater-item-b65543e swiper-slide\" role=\"group\" aria-roledescription=\"slide\"><div class=\"swiper-slide-bg\" role=\"img\"><\/div><div class=\"swiper-slide-inner\" ><div class=\"swiper-slide-contents\"><\/div><\/div><\/div><div class=\"elementor-repeater-item-36bc5f8 swiper-slide\" role=\"group\" aria-roledescription=\"slide\"><div class=\"swiper-slide-bg\" role=\"img\"><\/div><div class=\"swiper-slide-inner\" ><div class=\"swiper-slide-contents\"><\/div><\/div><\/div>\t\t\t\t<\/div>\n\t\t\t\t\t\t\t\t\t\t\t\t\t\t\t<div class=\"elementor-swiper-button elementor-swiper-button-prev\" role=\"button\" tabindex=\"0\" aria-label=\"Previous slide\">\n\t\t\t\t\t\t\t<svg aria-hidden=\"true\" class=\"e-font-icon-svg e-eicon-chevron-left\" viewBox=\"0 0 1000 1000\" xmlns=\"http:\/\/www.w3.org\/2000\/svg\"><path d=\"M646 125C629 125 613 133 604 142L308 442C296 454 292 471 292 487 292 504 296 521 308 533L604 854C617 867 629 875 646 875 663 875 679 871 692 858 704 846 713 829 713 812 713 796 708 779 692 767L438 487 692 225C700 217 708 204 708 187 708 171 704 154 692 142 675 129 663 125 646 125Z\"><\/path><\/svg>\t\t\t\t\t\t<\/div>\n\t\t\t\t\t\t<div class=\"elementor-swiper-button elementor-swiper-button-next\" role=\"button\" tabindex=\"0\" aria-label=\"Next slide\">\n\t\t\t\t\t\t\t<svg aria-hidden=\"true\" class=\"e-font-icon-svg e-eicon-chevron-right\" viewBox=\"0 0 1000 1000\" xmlns=\"http:\/\/www.w3.org\/2000\/svg\"><path d=\"M696 533C708 521 713 504 713 487 713 471 708 454 696 446L400 146C388 133 375 125 354 125 338 125 325 129 313 142 300 154 292 171 292 187 292 204 296 221 308 233L563 492 304 771C292 783 288 800 288 817 288 833 296 850 308 863 321 871 338 875 354 875 371 875 388 867 400 854L696 533Z\"><\/path><\/svg>\t\t\t\t\t\t<\/div>\n\t\t\t\t\t\t\t\t\t\t\t\t\t\t\t\t<div class=\"swiper-pagination\"><\/div>\n\t\t\t\t\t\t\t\t\t\t\t\t<\/div>\n\t\t\t\t<\/div>\n\t\t\t\t\t\t\t\t<\/div>\n\t\t\t\t<\/div>\n\t\t\t\t<div class=\"elementor-element elementor-element-1a71490 elementor-widget elementor-widget-text-editor\" data-id=\"1a71490\" data-element_type=\"widget\" data-e-type=\"widget\" data-widget_type=\"text-editor.default\">\n\t\t\t\t<div class=\"elementor-widget-container\">\n\t\t\t\t\t\t\t\t\t<h2 class=\"h2-48px _32px-bot_m\">Mnogo\u015b\u0107 atrakcji<\/h2><p class=\"paragraph _32px-bot_m\">Mnogo\u015b\u0107 atrakcji w hotelu sprawi, \u017ce nawet deszczowe dni nie musz\u0105 by\u0107 nudne. Do dyspozycji go\u015bci, jest Lobby Bar, Kawiarnia z widokiem na morze. Ka\u017cdego tygodnia organizujemy dla Go\u015bci rozmaite atrakcje &#8211; wycieczki autokarowe po okolicy, wieczorki taneczne, grillowanie na \u015bwie\u017cym powietrzu. A je\u017celi preferuj\u0105 Pa\u0144stwo prozdrowotny tryb wypoczynku &#8211; codziennie mo\u017cecie skorzysta\u0107 z oferty naszego SPA. W cenie pobytu jest nieograniczony dost\u0119p do strefy basenowej i saun, oraz dobrze wyposa\u017conej sali fitness. Istnieje tak\u017ce mo\u017cliwo\u015b\u0107 skorzystania z szerokiej gamy masa\u017cy, oraz zabieg\u00f3w kosmetycznych wykonywanych przez profesjonalnych terapeut\u00f3w.<\/p>\t\t\t\t\t\t\t\t<\/div>\n\t\t\t\t<\/div>\n\t\t\t\t\t<\/div>\n\t\t\t\t<\/div>\n\t\t\t\t<\/div>\n\t\t","protected":false},"excerpt":{"rendered":"<p>o nas hotel\u00a0 Przytulne pokoje Hotel Ewerdin**** to ma\u0142y, przyjazny i rodzinny obiekt. Niezale\u017cnie od tego, czy s\u0105 Pa\u0144stwo na kr\u00f3tkim urlopie w mie\u015bcie, czy planujecie d\u0142u\u017csz\u0105 podr\u00f3\u017c, oferujemy Pa\u0144stwu komfortowe zakwaterowanie w przyjaznej atmosferze i ciep\u0142e powitanie. Do Pa\u0144stwa dyspozycji oddajemy 62 jasne, przestronne i komfortowe pokoje, w tym dwa apartamenty. Wszystkie pokoje s\u0105 [&hellip;]<\/p>\n","protected":false},"author":1,"featured_media":0,"parent":0,"menu_order":0,"comment_status":"closed","ping_status":"closed","template":"elementor_theme","meta":{"footnotes":""},"class_list":["post-591","page","type-page","status-publish","hentry"],"yoast_head":"<!-- This site is optimized with the Yoast SEO plugin v27.2 - https:\/\/yoast.com\/product\/yoast-seo-wordpress\/ -->\n<title>o nas - Hotel Ewerdin<\/title>\n<meta name=\"robots\" content=\"index, follow, max-snippet:-1, max-image-preview:large, max-video-preview:-1\" \/>\n<link rel=\"canonical\" href=\"https:\/\/ewerdin.com\/?page_id=591\" \/>\n<meta property=\"og:locale\" content=\"en_US\" \/>\n<meta property=\"og:type\" content=\"article\" \/>\n<meta property=\"og:title\" content=\"o nas - Hotel Ewerdin\" \/>\n<meta property=\"og:description\" content=\"o nas hotel\u00a0 Przytulne pokoje Hotel Ewerdin**** to ma\u0142y, przyjazny i rodzinny obiekt. Niezale\u017cnie od tego, czy s\u0105 Pa\u0144stwo na kr\u00f3tkim urlopie w mie\u015bcie, czy planujecie d\u0142u\u017csz\u0105 podr\u00f3\u017c, oferujemy Pa\u0144stwu komfortowe zakwaterowanie w przyjaznej atmosferze i ciep\u0142e powitanie. Do Pa\u0144stwa dyspozycji oddajemy 62 jasne, przestronne i komfortowe pokoje, w tym dwa apartamenty. Wszystkie pokoje s\u0105 [&hellip;]\" \/>\n<meta property=\"og:url\" content=\"https:\/\/ewerdin.com\/?page_id=591\" \/>\n<meta property=\"og:site_name\" content=\"Hotel Ewerdin\" \/>\n<meta property=\"article:modified_time\" content=\"2025-03-30T21:41:46+00:00\" \/>\n<meta property=\"og:image\" content=\"http:\/\/ewerdin.com\/wp-content\/uploads\/2025\/03\/Hotel-1024x614.png\" \/>\n<meta name=\"twitter:card\" content=\"summary_large_image\" \/>\n<meta name=\"twitter:label1\" content=\"Est. reading time\" \/>\n\t<meta name=\"twitter:data1\" content=\"2 minutes\" \/>\n<script type=\"application\/ld+json\" class=\"yoast-schema-graph\">{\"@context\":\"https:\/\/schema.org\",\"@graph\":[{\"@type\":\"WebPage\",\"@id\":\"https:\/\/ewerdin.com\/?page_id=591\",\"url\":\"https:\/\/ewerdin.com\/?page_id=591\",\"name\":\"o nas - Hotel Ewerdin\",\"isPartOf\":{\"@id\":\"https:\/\/ewerdin.com\/#website\"},\"primaryImageOfPage\":{\"@id\":\"https:\/\/ewerdin.com\/?page_id=591#primaryimage\"},\"image\":{\"@id\":\"https:\/\/ewerdin.com\/?page_id=591#primaryimage\"},\"thumbnailUrl\":\"http:\/\/ewerdin.com\/wp-content\/uploads\/2025\/03\/Hotel-1024x614.png\",\"datePublished\":\"2025-03-30T19:40:43+00:00\",\"dateModified\":\"2025-03-30T21:41:46+00:00\",\"breadcrumb\":{\"@id\":\"https:\/\/ewerdin.com\/?page_id=591#breadcrumb\"},\"inLanguage\":\"en-US\",\"potentialAction\":[{\"@type\":\"ReadAction\",\"target\":[\"https:\/\/ewerdin.com\/?page_id=591\"]}]},{\"@type\":\"ImageObject\",\"inLanguage\":\"en-US\",\"@id\":\"https:\/\/ewerdin.com\/?page_id=591#primaryimage\",\"url\":\"https:\/\/ewerdin.com\/wp-content\/uploads\/2025\/03\/Hotel.png\",\"contentUrl\":\"https:\/\/ewerdin.com\/wp-content\/uploads\/2025\/03\/Hotel.png\",\"width\":1557,\"height\":933},{\"@type\":\"BreadcrumbList\",\"@id\":\"https:\/\/ewerdin.com\/?page_id=591#breadcrumb\",\"itemListElement\":[{\"@type\":\"ListItem\",\"position\":1,\"name\":\"Home\",\"item\":\"https:\/\/ewerdin.com\/\"},{\"@type\":\"ListItem\",\"position\":2,\"name\":\"o nas\"}]},{\"@type\":\"WebSite\",\"@id\":\"https:\/\/ewerdin.com\/#website\",\"url\":\"https:\/\/ewerdin.com\/\",\"name\":\"Hotel Ewerdin\",\"description\":\"\",\"publisher\":{\"@id\":\"https:\/\/ewerdin.com\/#organization\"},\"potentialAction\":[{\"@type\":\"SearchAction\",\"target\":{\"@type\":\"EntryPoint\",\"urlTemplate\":\"https:\/\/ewerdin.com\/?s={search_term_string}\"},\"query-input\":{\"@type\":\"PropertyValueSpecification\",\"valueRequired\":true,\"valueName\":\"search_term_string\"}}],\"inLanguage\":\"en-US\"},{\"@type\":\"Organization\",\"@id\":\"https:\/\/ewerdin.com\/#organization\",\"name\":\"Hotel Ewerdin\",\"url\":\"https:\/\/ewerdin.com\/\",\"logo\":{\"@type\":\"ImageObject\",\"inLanguage\":\"en-US\",\"@id\":\"https:\/\/ewerdin.com\/#\/schema\/logo\/image\/\",\"url\":\"https:\/\/ewerdin.com\/wp-content\/uploads\/2025\/03\/Logo-Ewerdin-3.png\",\"contentUrl\":\"https:\/\/ewerdin.com\/wp-content\/uploads\/2025\/03\/Logo-Ewerdin-3.png\",\"width\":850,\"height\":159,\"caption\":\"Hotel Ewerdin \"},\"image\":{\"@id\":\"https:\/\/ewerdin.com\/#\/schema\/logo\/image\/\"}}]}<\/script>\n<!-- \/ Yoast SEO plugin. -->","yoast_head_json":{"title":"o nas - Hotel Ewerdin","robots":{"index":"index","follow":"follow","max-snippet":"max-snippet:-1","max-image-preview":"max-image-preview:large","max-video-preview":"max-video-preview:-1"},"canonical":"https:\/\/ewerdin.com\/?page_id=591","og_locale":"en_US","og_type":"article","og_title":"o nas - Hotel Ewerdin","og_description":"o nas hotel\u00a0 Przytulne pokoje Hotel Ewerdin**** to ma\u0142y, przyjazny i rodzinny obiekt. Niezale\u017cnie od tego, czy s\u0105 Pa\u0144stwo na kr\u00f3tkim urlopie w mie\u015bcie, czy planujecie d\u0142u\u017csz\u0105 podr\u00f3\u017c, oferujemy Pa\u0144stwu komfortowe zakwaterowanie w przyjaznej atmosferze i ciep\u0142e powitanie. Do Pa\u0144stwa dyspozycji oddajemy 62 jasne, przestronne i komfortowe pokoje, w tym dwa apartamenty. Wszystkie pokoje s\u0105 [&hellip;]","og_url":"https:\/\/ewerdin.com\/?page_id=591","og_site_name":"Hotel Ewerdin","article_modified_time":"2025-03-30T21:41:46+00:00","og_image":[{"url":"http:\/\/ewerdin.com\/wp-content\/uploads\/2025\/03\/Hotel-1024x614.png","type":"","width":"","height":""}],"twitter_card":"summary_large_image","twitter_misc":{"Est. reading time":"2 minutes"},"schema":{"@context":"https:\/\/schema.org","@graph":[{"@type":"WebPage","@id":"https:\/\/ewerdin.com\/?page_id=591","url":"https:\/\/ewerdin.com\/?page_id=591","name":"o nas - Hotel Ewerdin","isPartOf":{"@id":"https:\/\/ewerdin.com\/#website"},"primaryImageOfPage":{"@id":"https:\/\/ewerdin.com\/?page_id=591#primaryimage"},"image":{"@id":"https:\/\/ewerdin.com\/?page_id=591#primaryimage"},"thumbnailUrl":"http:\/\/ewerdin.com\/wp-content\/uploads\/2025\/03\/Hotel-1024x614.png","datePublished":"2025-03-30T19:40:43+00:00","dateModified":"2025-03-30T21:41:46+00:00","breadcrumb":{"@id":"https:\/\/ewerdin.com\/?page_id=591#breadcrumb"},"inLanguage":"en-US","potentialAction":[{"@type":"ReadAction","target":["https:\/\/ewerdin.com\/?page_id=591"]}]},{"@type":"ImageObject","inLanguage":"en-US","@id":"https:\/\/ewerdin.com\/?page_id=591#primaryimage","url":"https:\/\/ewerdin.com\/wp-content\/uploads\/2025\/03\/Hotel.png","contentUrl":"https:\/\/ewerdin.com\/wp-content\/uploads\/2025\/03\/Hotel.png","width":1557,"height":933},{"@type":"BreadcrumbList","@id":"https:\/\/ewerdin.com\/?page_id=591#breadcrumb","itemListElement":[{"@type":"ListItem","position":1,"name":"Home","item":"https:\/\/ewerdin.com\/"},{"@type":"ListItem","position":2,"name":"o nas"}]},{"@type":"WebSite","@id":"https:\/\/ewerdin.com\/#website","url":"https:\/\/ewerdin.com\/","name":"Hotel Ewerdin","description":"","publisher":{"@id":"https:\/\/ewerdin.com\/#organization"},"potentialAction":[{"@type":"SearchAction","target":{"@type":"EntryPoint","urlTemplate":"https:\/\/ewerdin.com\/?s={search_term_string}"},"query-input":{"@type":"PropertyValueSpecification","valueRequired":true,"valueName":"search_term_string"}}],"inLanguage":"en-US"},{"@type":"Organization","@id":"https:\/\/ewerdin.com\/#organization","name":"Hotel Ewerdin","url":"https:\/\/ewerdin.com\/","logo":{"@type":"ImageObject","inLanguage":"en-US","@id":"https:\/\/ewerdin.com\/#\/schema\/logo\/image\/","url":"https:\/\/ewerdin.com\/wp-content\/uploads\/2025\/03\/Logo-Ewerdin-3.png","contentUrl":"https:\/\/ewerdin.com\/wp-content\/uploads\/2025\/03\/Logo-Ewerdin-3.png","width":850,"height":159,"caption":"Hotel Ewerdin "},"image":{"@id":"https:\/\/ewerdin.com\/#\/schema\/logo\/image\/"}}]}},"_links":{"self":[{"href":"https:\/\/ewerdin.com\/index.php?rest_route=\/wp\/v2\/pages\/591","targetHints":{"allow":["GET"]}}],"collection":[{"href":"https:\/\/ewerdin.com\/index.php?rest_route=\/wp\/v2\/pages"}],"about":[{"href":"https:\/\/ewerdin.com\/index.php?rest_route=\/wp\/v2\/types\/page"}],"author":[{"embeddable":true,"href":"https:\/\/ewerdin.com\/index.php?rest_route=\/wp\/v2\/users\/1"}],"replies":[{"embeddable":true,"href":"https:\/\/ewerdin.com\/index.php?rest_route=%2Fwp%2Fv2%2Fcomments&post=591"}],"version-history":[{"count":32,"href":"https:\/\/ewerdin.com\/index.php?rest_route=\/wp\/v2\/pages\/591\/revisions"}],"predecessor-version":[{"id":641,"href":"https:\/\/ewerdin.com\/index.php?rest_route=\/wp\/v2\/pages\/591\/revisions\/641"}],"wp:attachment":[{"href":"https:\/\/ewerdin.com\/index.php?rest_route=%2Fwp%2Fv2%2Fmedia&parent=591"}],"curies":[{"name":"wp","href":"https:\/\/api.w.org\/{rel}","templated":true}]}}